{"id":49,"date":"2013-09-03T18:24:53","date_gmt":"2013-09-03T16:24:53","guid":{"rendered":"http:\/\/www.sabinekoitzsch.de\/?page_id=49"},"modified":"2023-03-28T11:14:47","modified_gmt":"2023-03-28T09:14:47","slug":"vorsorge","status":"publish","type":"page","link":"https:\/\/www.sabinekoitzsch.de\/?page_id=49","title":{"rendered":"Vorsorge"},"content":{"rendered":"<h2>Vorsorge<\/h2>\n<ul id=\"toplevel_enum\">\n<li><strong>Bestattungsvorsorge:<\/strong><br \/>\nVereinbaren Sie mit mir einen Termin, um sich \u00fcber die M\u00f6glichkeiten einer Bestattungsvorsorge beraten zu lassen. Das Festlegen Ihrer Bestattungsw\u00fcnsche erleichtert Ihren Angeh\u00f6rigen die notwendigen Entscheidungen im Sterbefall.<\/li>\n<\/ul>\n<h2>Informationen<\/h2>\n<ul id=\"toplevel_enum\">\n<li><strong>Was ist zu tun im Todesfall?<\/strong><br \/>\nTritt der Tod Zuhause ein, rufen Sie einen Arzt oder t\u00e4tigen den Notruf 112. Wenn der Arzt den Tod des Angeh\u00f6rigen festgestellt hat, informieren Sie das Bestattungsunternehmen.Verstirbt der Angeh\u00f6rige in einem Heim oder Krankenhaus, informieren Sie gleich das Bestattungsunternehmen.Das Bestattungsgespr\u00e4ch, zur Kl\u00e4rung aller Fragen, kann nach Wahl bei Ihnen zu Hause oder im Unternehmen stattfinden. Sie entscheiden, was Ihnen angenehmer ist.<\/li>\n<li><strong>Welche Unterlagen sollen bereit liegen?<\/strong>\n<ul id=\"sublevel_enum_decimal\">\n<li>Geburtsurkunde (nur als Original)<\/li>\n<li>Bei Verheirateten &#8211; Stammbuch \/ Heiratsurkunde (nur als Original)<\/li>\n<li>Bei Witwen\/Witwern &#8211; Sterbeurkunde des verstorbenen Ehegatten (nur als Original)<\/li>\n<li>Bei Geschiedenen &#8211; rechtskr\u00e4ftiges Scheidungsurteil<\/li>\n<li>Personalausweis oder Reisepass<\/li>\n<li>Aufenthaltsnachweis<\/li>\n<li>Krankenkassen-Chipkarte<\/li>\n<li>Sterbeversicherung oder Lebensversicherungspolicen<\/li>\n<li>Rentenversicherungsnummer<\/li>\n<li>Grabnachweis, falls Grabstelle vorhandenen<\/li>\n<li>Mitgliedsausweis einer Gewerkschaft<\/li>\n<li>Namen und Kontaktdaten aller Kinder<\/li>\n<li>Steinmetz, falls bekannt<\/li>\n<\/ul>\n<p>F\u00fcr alle Urkunden wird eine beglaubigte deutsche \u00dcbersetzung ben\u00f6tigt, falls diese in anderen Sprachen ausgestellt wurden.<\/li>\n<li><strong>Was ist evtl. zu erledigen?<\/strong>\n<ul id=\"sublevel_enum\">\n<li>Vermieter, Arbeitgeber benachrichtigen<\/li>\n<li>Telefon, Internet, Zeitung, Strom, Wasser, GEZ abmelden<\/li>\n<li>Mitgliedschaften in Vereinen, Gewerkschaften k\u00fcndigen<\/li>\n<li>Girokonten und Sparvertr\u00e4ge k\u00fcndigen<\/li>\n<\/ul>\n<\/li>\n<\/ul>\n","protected":false},"excerpt":{"rendered":"<p>Vorsorge Bestattungsvorsorge: Vereinbaren Sie mit mir einen Termin, um sich \u00fcber die M\u00f6glichkeiten einer Bestattungsvorsorge beraten zu lassen. Das Festlegen Ihrer Bestattungsw\u00fcnsche erleichtert Ihren Angeh\u00f6rigen die notwendigen Entscheidungen im Sterbefall. Informationen Was ist zu tun im Todesfall? Tritt der Tod Zuhause ein, rufen Sie einen Arzt oder t\u00e4tigen den Notruf 112. Wenn der Arzt den&hellip;<\/p>\n","protected":false},"author":1,"featured_media":0,"parent":26,"menu_order":0,"comment_status":"closed","ping_status":"open","template":"","meta":{"footnotes":""},"_links":{"self":[{"href":"https:\/\/www.sabinekoitzsch.de\/index.php?rest_route=\/wp\/v2\/pages\/49"}],"collection":[{"href":"https:\/\/www.sabinekoitzsch.de\/index.php?rest_route=\/wp\/v2\/pages"}],"about":[{"href":"https:\/\/www.sabinekoitzsch.de\/index.php?rest_route=\/wp\/v2\/types\/page"}],"author":[{"embeddable":true,"href":"https:\/\/www.sabinekoitzsch.de\/index.php?rest_route=\/wp\/v2\/users\/1"}],"replies":[{"embeddable":true,"href":"https:\/\/www.sabinekoitzsch.de\/index.php?rest_route=%2Fwp%2Fv2%2Fcomments&post=49"}],"version-history":[{"count":15,"href":"https:\/\/www.sabinekoitzsch.de\/index.php?rest_route=\/wp\/v2\/pages\/49\/revisions"}],"predecessor-version":[{"id":525,"href":"https:\/\/www.sabinekoitzsch.de\/index.php?rest_route=\/wp\/v2\/pages\/49\/revisions\/525"}],"up":[{"embeddable":true,"href":"https:\/\/www.sabinekoitzsch.de\/index.php?rest_route=\/wp\/v2\/pages\/26"}],"wp:attachment":[{"href":"https:\/\/www.sabinekoitzsch.de\/index.php?rest_route=%2Fwp%2Fv2%2Fmedia&parent=49"}],"curies":[{"name":"wp","href":"https:\/\/api.w.org\/{rel}","templated":true}]}}