{"id":45,"date":"2013-09-03T18:24:26","date_gmt":"2013-09-03T16:24:26","guid":{"rendered":"http:\/\/www.sabinekoitzsch.de\/?page_id=45"},"modified":"2026-01-28T21:29:59","modified_gmt":"2026-01-28T19:29:59","slug":"bestattungen","status":"publish","type":"page","link":"https:\/\/www.sabinekoitzsch.de\/?page_id=45","title":{"rendered":"Bestattungen"},"content":{"rendered":"<h2>Bestattungen:<\/h2>\n<ul id=\"toplevel_enum\">\n<li><strong>Bestattungsarten:<\/strong>\n<ul id=\"sublevel_enum\">\n<li>Erdbestattung<\/li>\n<li>Urnenbestattung<\/li>\n<li>Seebestattung<\/li>\n<li>anonyme Bestattung<\/li>\n<li>Naturbestattung in der Schweiz<\/li>\n<\/ul>\n<\/li>\n<li><strong>Kostenbeispiele:<\/strong>\n<ul id=\"sublevel_enum\">\n<li><em><strong>Bestatterkosten f\u00fcr eine Erdbestattung:<\/strong><\/em> <span style=\"text-decoration: underline;\">ab<\/span> 2.150 EUR\n<ul id=\"subsublevel_enum\">\n<li>inkl. schlichter unbehandelter Kiefernsarg mit einfacher Innenausstattung und 4 Griffen<\/li>\n<li>Abholung, eine \u00dcberf\u00fchrung des Sarges<\/li>\n<li>Abmeldung bei der Krankenkasse<\/li>\n<li>Beantragung der 3-monatigen \u00dcbergangsrente oder<\/li>\n<li>Abmeldung der Rente<\/li>\n<li>Beantragung der Sterbeurkunden<\/li>\n<li>Terminierung der Erdbestattung<\/li>\n<\/ul>\n<\/li>\n<li><em><strong>Bestatterkosten f\u00fcr eine Feuerbestattung:<\/strong><\/em> <span style=\"text-decoration: underline;\">ab<\/span> 2.350 EUR\n<ul id=\"subsublevel_enum\">\n<li>inkl. schlichter unbehandelter Kiefernsarg mit einfacher Innenausstattung<\/li>\n<li>Abholung, Kremierung, eine \u00dcberf\u00fchrung der Urne<\/li>\n<li>Abmeldung bei der Krankenkasse<\/li>\n<li>Beantragung der 3-monatigen \u00dcbergangsrente oder<\/li>\n<li>Abmeldung der Rente<\/li>\n<li>Beantragung der Sterbeurkunden<\/li>\n<li>Terminierung der Urnenbestattung<\/li>\n<\/ul>\n<\/li>\n<\/ul>\n<\/li>\n<li><strong>Produkte zur Bestattung:<\/strong>\n<ul id=\"sublevel_enum\">\n<li>Schmuckurnen<\/li>\n<li>S\u00e4rge<\/li>\n<li>Grabkreuz<\/li>\n<li>Trauerdrucksachen<\/li>\n<li>Sterbebilder<\/li>\n<\/ul>\n<\/li>\n<li><strong>Leistungen im Todesfall:<\/strong>\n<ul id=\"sublevel_enum\">\n<li>Abholung des \/ der Verstorbenen<\/li>\n<li>\u00dcberf\u00fchrung nach Hause, so dies f\u00fcr die Abschiednahme gew\u00fcnscht wird<\/li>\n<li>\u00dcberf\u00fchrung zum Friedhof<\/li>\n<li>\u00dcberf\u00fchrung zum Krematorium<\/li>\n<li>Abmeldung bei der Krankenkasse<\/li>\n<li>Beantragung der 3-monatigen \u00dcbergangsrente f\u00fcr Witwen und Witwer (diese erfolgt f\u00fcr 3 Monate in voller H\u00f6he)<\/li>\n<li>Abmeldung der Rente<\/li>\n<li>Abrechnung direkt \u00fcber Sterbegeldversicherung<\/li>\n<li>Beantragung der Sterbeurkunden<\/li>\n<li>Terminierung der Erd- oder Urnenbestattung<\/li>\n<\/ul>\n<\/li>\n<li><strong>Zusatzleistungen auf Wunsch:<\/strong>\n<ul id=\"sublevel_enum\">\n<li>Dekoration (z.B. in der Trauerhalle, Kirche, direkt am Grab und an jedem Ort der Verabschiedung)<\/li>\n<li>Nutzung von Musiktechnik<\/li>\n<li>Fotos von der Trauerfeier<\/li>\n<li>Traueranzeigen und Danksagungen in der von Ihnen gew\u00fcnschten Zeitung<\/li>\n<li>Bestellung von Blumenschmuck wie Sargbukett, Kr\u00e4nze, Gestecke (siehe <a class=\"link\" href=\"http:\/\/www.sabinekoitzsch.de\/?page_id=28\">Galerie<\/a>)<\/li>\n<li>Abrechnung direkt \u00fcber Sterbegeldversicherung m\u00f6glich<\/li>\n<\/ul>\n<\/li>\n<li><strong>weitere Bestattungsorte:<\/strong>\n<ul id=\"sublevel_enum\">\n<li>Landkreis und Stadt F\u00fcrstenfeldbruck<\/li>\n<li>Landkreis und Stadt Dachau<\/li>\n<li>M\u00fcnchen<\/li>\n<li>und nach Absprache<\/li>\n<\/ul>\n<\/li>\n<\/ul>\n","protected":false},"excerpt":{"rendered":"<p>Bestattungen: Bestattungsarten: Erdbestattung Urnenbestattung Seebestattung anonyme Bestattung Naturbestattung in der Schweiz Kostenbeispiele: Bestatterkosten f\u00fcr eine Erdbestattung: ab 2.150 EUR inkl. schlichter unbehandelter Kiefernsarg mit einfacher Innenausstattung und 4 Griffen Abholung, eine \u00dcberf\u00fchrung des Sarges Abmeldung bei der Krankenkasse Beantragung der 3-monatigen \u00dcbergangsrente oder Abmeldung der Rente Beantragung der Sterbeurkunden Terminierung der Erdbestattung Bestatterkosten f\u00fcr eine&hellip;<\/p>\n","protected":false},"author":1,"featured_media":0,"parent":26,"menu_order":0,"comment_status":"closed","ping_status":"open","template":"","meta":{"footnotes":""},"_links":{"self":[{"href":"https:\/\/www.sabinekoitzsch.de\/index.php?rest_route=\/wp\/v2\/pages\/45"}],"collection":[{"href":"https:\/\/www.sabinekoitzsch.de\/index.php?rest_route=\/wp\/v2\/pages"}],"about":[{"href":"https:\/\/www.sabinekoitzsch.de\/index.php?rest_route=\/wp\/v2\/types\/page"}],"author":[{"embeddable":true,"href":"https:\/\/www.sabinekoitzsch.de\/index.php?rest_route=\/wp\/v2\/users\/1"}],"replies":[{"embeddable":true,"href":"https:\/\/www.sabinekoitzsch.de\/index.php?rest_route=%2Fwp%2Fv2%2Fcomments&post=45"}],"version-history":[{"count":16,"href":"https:\/\/www.sabinekoitzsch.de\/index.php?rest_route=\/wp\/v2\/pages\/45\/revisions"}],"predecessor-version":[{"id":559,"href":"https:\/\/www.sabinekoitzsch.de\/index.php?rest_route=\/wp\/v2\/pages\/45\/revisions\/559"}],"up":[{"embeddable":true,"href":"https:\/\/www.sabinekoitzsch.de\/index.php?rest_route=\/wp\/v2\/pages\/26"}],"wp:attachment":[{"href":"https:\/\/www.sabinekoitzsch.de\/index.php?rest_route=%2Fwp%2Fv2%2Fmedia&parent=45"}],"curies":[{"name":"wp","href":"https:\/\/api.w.org\/{rel}","templated":true}]}}