{"id":43,"date":"2013-09-03T18:23:41","date_gmt":"2013-09-03T16:23:41","guid":{"rendered":"http:\/\/www.sabinekoitzsch.de\/?page_id=43"},"modified":"2024-07-14T16:26:25","modified_gmt":"2024-07-14T14:26:25","slug":"impressum","status":"publish","type":"page","link":"https:\/\/www.sabinekoitzsch.de\/?page_id=43","title":{"rendered":"Impressum"},"content":{"rendered":"<div class=\"impressum\">\n<h1>Impressum<\/h1>\n<p>Angaben gem\u00e4\u00df \u00a7 5 TMG<\/p>\n<p>Sabine Koitzsch Bestattungen<\/p>\n<section>Jeisstr. 3<br \/>\n82140 Olching<\/section>\n<p><strong>Vertreten durch: <\/strong><br \/>\nSabine Koitzsch<\/p>\n<p><strong>Eine Terminvereinbarung erspart Ihnen unn\u00f6tige Wege.<\/strong><\/p>\n<p><strong>Kontakt:<\/strong><br \/>\nTel.: 08142 6515590<br \/>\nFax: 08142 6515591<br \/>\nE-Mail:\u00a0<a href=\"mailto:info@sabinekoitzsch.de\">info@sabinekoitzsch.de<\/a><\/p>\n<p><strong>Umsatzsteuer-ID: <\/strong><br \/>\n107\/238\/70580<\/p>\n<p>Eingetragen bei der Handwerkskammer f\u00fcr M\u00fcnchen und Oberbayern<\/p>\n<p><strong>Haftungsausschl\u00fcsse: <\/strong><\/p>\n<p><strong>Haftung f\u00fcr Inhalte<\/strong><br \/>\nDie Inhalte unserer Seiten wurden mit gr\u00f6\u00dfter Sorgfalt erstellt. F\u00fcr die Richtigkeit, Vollst\u00e4ndigkeit und Aktualit\u00e4t der Inhalte k\u00f6nnen wir jedoch keine Gew\u00e4hr \u00fcbernehmen. Als Diensteanbieter sind wir gem\u00e4\u00df \u00a7 7 Abs.1 TMG f\u00fcr eigene Inhalte auf diesen Seiten nach den allgemeinen Gesetzen verantwortlich. Nach \u00a7\u00a7 8 bis 10 TMG sind wir als Diensteanbieter jedoch nicht verpflichtet, \u00fcbermittelte oder gespeicherte fremde Informationen zu \u00fcberwachen oder nach Umst\u00e4nden zu forschen, die auf eine rechtswidrige T\u00e4tigkeit hinweisen. Verpflichtungen zur Entfernung oder Sperrung der Nutzung von Informationen nach den allgemeinen Gesetzen bleiben hiervon unber\u00fchrt. Eine diesbez\u00fcgliche Haftung ist jedoch erst ab dem Zeitpunkt der Kenntnis einer konkreten Rechtsverletzung m\u00f6glich. Bei Bekanntwerden von entsprechenden Rechtsverletzungen werden wir diese Inhalte umgehend entfernen.<\/p>\n<p><strong>Haftung f\u00fcr Links<\/strong><br \/>\nUnser Angebot enth\u00e4lt Links zu externen Webseiten Dritter, auf deren Inhalte wir keinen Einfluss haben. Deshalb k\u00f6nnen wir f\u00fcr diese fremden Inhalte auch keine Gew\u00e4hr \u00fcbernehmen. F\u00fcr die Inhalte der verlinkten Seiten ist stets der jeweilige Anbieter oder Betreiber der Seiten verantwortlich. Die verlinkten Seiten wurden zum Zeitpunkt der Verlinkung auf m\u00f6gliche Rechtsverst\u00f6\u00dfe \u00fcberpr\u00fcft. Rechtswidrige Inhalte waren zum Zeitpunkt der Verlinkung nicht erkennbar. Eine permanente inhaltliche Kontrolle der verlinkten Seiten ist jedoch ohne konkrete Anhaltspunkte einer Rechtsverletzung nicht zumutbar. Bei Bekanntwerden von Rechtsverletzungen werden wir derartige Links umgehend entfernen.<\/p>\n<\/div>\n<section><strong>Webdesign:<\/strong>\u00a0Luise Tesch und Daniel Koitzsch, 2012, M\u00fcnchen.<\/section>\n<section>RECHTE VORBEHALTEN\u00a0\u00a0\u00a0\u00a0\u00a0\u00a0\u00a0\u00a0\u00a0\u00a0\u00a0\u00a0\u00a0\u00a0\u00a0\u00a0\u00a0\u00a0\u00a0\u00a0\u00a0\u00a0\u00a0\u00a0\u00a0\u00a0\u00a0<\/section>\n<section>Alle Rechte vorbehalten. Kein Teil dieser Internet-Seiten darf in irgendeiner Form, sei es durch Druck, Fotokopie, Mikrofilm, Digitalkopie oder mittels jedes anderen Verfahrens, ohne unsere schriftliche Genehmigung reproduziert oder unter Verwendung elektronischer Systeme verarbeitet, vervielf\u00e4ltigt oder verbreitet werden. Die gewerbliche Nutzung der in diesen Internet-Seiten enthaltenen Informationen (Texte und Bilder) ist nicht zul\u00e4ssig.<\/section>\n<section><\/section>\n","protected":false},"excerpt":{"rendered":"<p>Impressum Angaben gem\u00e4\u00df \u00a7 5 TMG Sabine Koitzsch Bestattungen Jeisstr. 3 82140 Olching Vertreten durch: Sabine Koitzsch Eine Terminvereinbarung erspart Ihnen unn\u00f6tige Wege. Kontakt: Tel.: 08142 6515590 Fax: 08142 6515591 E-Mail:\u00a0info@sabinekoitzsch.de Umsatzsteuer-ID: 107\/238\/70580 Eingetragen bei der Handwerkskammer f\u00fcr M\u00fcnchen und Oberbayern Haftungsausschl\u00fcsse: Haftung f\u00fcr Inhalte Die Inhalte unserer Seiten wurden mit gr\u00f6\u00dfter Sorgfalt erstellt. F\u00fcr&hellip;<\/p>\n","protected":false},"author":1,"featured_media":0,"parent":0,"menu_order":9,"comment_status":"closed","ping_status":"open","template":"","meta":{"footnotes":""},"_links":{"self":[{"href":"https:\/\/www.sabinekoitzsch.de\/index.php?rest_route=\/wp\/v2\/pages\/43"}],"collection":[{"href":"https:\/\/www.sabinekoitzsch.de\/index.php?rest_route=\/wp\/v2\/pages"}],"about":[{"href":"https:\/\/www.sabinekoitzsch.de\/index.php?rest_route=\/wp\/v2\/types\/page"}],"author":[{"embeddable":true,"href":"https:\/\/www.sabinekoitzsch.de\/index.php?rest_route=\/wp\/v2\/users\/1"}],"replies":[{"embeddable":true,"href":"https:\/\/www.sabinekoitzsch.de\/index.php?rest_route=%2Fwp%2Fv2%2Fcomments&post=43"}],"version-history":[{"count":15,"href":"https:\/\/www.sabinekoitzsch.de\/index.php?rest_route=\/wp\/v2\/pages\/43\/revisions"}],"predecessor-version":[{"id":554,"href":"https:\/\/www.sabinekoitzsch.de\/index.php?rest_route=\/wp\/v2\/pages\/43\/revisions\/554"}],"wp:attachment":[{"href":"https:\/\/www.sabinekoitzsch.de\/index.php?rest_route=%2Fwp%2Fv2%2Fmedia&parent=43"}],"curies":[{"name":"wp","href":"https:\/\/api.w.org\/{rel}","templated":true}]}}