{"id":41,"date":"2013-09-03T18:23:33","date_gmt":"2013-09-03T16:23:33","guid":{"rendered":"http:\/\/www.sabinekoitzsch.de\/?page_id=41"},"modified":"2018-06-04T13:02:47","modified_gmt":"2018-06-04T11:02:47","slug":"gaestebuch","status":"publish","type":"page","link":"https:\/\/www.sabinekoitzsch.de\/?page_id=41","title":{"rendered":"G\u00e4stebuch"},"content":{"rendered":"<p>Die Angabe Ihrer pers\u00f6nlichen Daten im G\u00e4stebuch erfolgt auf freiwilliger Basis. Die angegebenen Daten werden nicht an Dritte weitergegeben oder f\u00fcr andere Zwecke verwendet. Diese Daten werden gem\u00e4\u00df Art 6 Abs 1 lit a DSGVO aufgrund Ihrer Einwilligung rechtm\u00e4\u00dfig erhoben. Sie k\u00f6nnen jederzeit die L\u00f6schung dieser Daten verlangen. Bitte nutzen Sie dazu meine E-Mail-Adresse.<\/p>\n","protected":false},"excerpt":{"rendered":"<p>Die Angabe Ihrer pers\u00f6nlichen Daten im G\u00e4stebuch erfolgt auf freiwilliger Basis. Die angegebenen Daten werden nicht an Dritte weitergegeben oder f\u00fcr andere Zwecke verwendet. Diese Daten werden gem\u00e4\u00df Art 6 Abs 1 lit a DSGVO aufgrund Ihrer Einwilligung rechtm\u00e4\u00dfig erhoben. Sie k\u00f6nnen jederzeit die L\u00f6schung dieser Daten verlangen. Bitte nutzen Sie dazu meine E-Mail-Adresse.<\/p>\n","protected":false},"author":1,"featured_media":0,"parent":0,"menu_order":8,"comment_status":"open","ping_status":"open","template":"guestbook.php","meta":{"footnotes":""},"_links":{"self":[{"href":"https:\/\/www.sabinekoitzsch.de\/index.php?rest_route=\/wp\/v2\/pages\/41"}],"collection":[{"href":"https:\/\/www.sabinekoitzsch.de\/index.php?rest_route=\/wp\/v2\/pages"}],"about":[{"href":"https:\/\/www.sabinekoitzsch.de\/index.php?rest_route=\/wp\/v2\/types\/page"}],"author":[{"embeddable":true,"href":"https:\/\/www.sabinekoitzsch.de\/index.php?rest_route=\/wp\/v2\/users\/1"}],"replies":[{"embeddable":true,"href":"https:\/\/www.sabinekoitzsch.de\/index.php?rest_route=%2Fwp%2Fv2%2Fcomments&post=41"}],"version-history":[{"count":4,"href":"https:\/\/www.sabinekoitzsch.de\/index.php?rest_route=\/wp\/v2\/pages\/41\/revisions"}],"predecessor-version":[{"id":388,"href":"https:\/\/www.sabinekoitzsch.de\/index.php?rest_route=\/wp\/v2\/pages\/41\/revisions\/388"}],"wp:attachment":[{"href":"https:\/\/www.sabinekoitzsch.de\/index.php?rest_route=%2Fwp%2Fv2%2Fmedia&parent=41"}],"curies":[{"name":"wp","href":"https:\/\/api.w.org\/{rel}","templated":true}]}}