{"id":395,"date":"2018-06-19T10:17:31","date_gmt":"2018-06-19T08:17:31","guid":{"rendered":"http:\/\/www.sabinekoitzsch.de\/?page_id=395"},"modified":"2019-01-05T18:03:59","modified_gmt":"2019-01-05T16:03:59","slug":"datenschutz","status":"publish","type":"page","link":"https:\/\/www.sabinekoitzsch.de\/?page_id=395","title":{"rendered":"Datenschutz"},"content":{"rendered":"<header>\n<h1>Information \u00fcber Cookies<\/h1>\n<\/header>\n<section>\n<h2>1. Einf\u00fchrung<\/h2>\n<p>Ich m\u00f6chte Sie hiermit \u00fcber die Cookie-Bestimmungen in Kenntnis setzen, die f\u00fcr die Webseite, die Sie vor sich haben, und f\u00fcr alle Webseiten, die von meinem Unternehmen betrieben werden, gelten, damit Sie \u00fcber die Verwendung von Cookies beim Navigieren durchs Internet informiert sind und der Nutzung dieser Cookies zustimmen k\u00f6nnen.<\/p>\n<p>Wenn Sie die Webseite nutzen, stimmen Sie der Nutzung von Cookies gem\u00e4\u00df dem Cookie-Hinweis zu, der auf beim ersten Seitenaufruf eingeblendet wird und \u00fcber die vorliegende Cookie-Bestimmungen informiert.<\/p>\n<h2>2. Was sind Cookies<\/h2>\n<p>Cookies sind Dateien mit Informationen, die oft einen einzigen anonymen Identifikationscode enthalten, der \u00fcber einen Webserver zum Browser geschickt und auf der Festplatte Ihres Computers, in Ihrem Smartphone oder Tablet-PC hinterlegt wird. F\u00fcr den Fall, dass Sie die Webseite sp\u00e4ter besuchen sollten, k\u00f6nnen die Cookies von der Webseite, die sie hinterlegt hat, gelesen und erkannt werden. Cookies werden haupts\u00e4chlich verwendet, um sicherzustellen, dass die Webseite funktioniert bzw. um ihre Funktionsweise zu verbessern, sowie dem Nutzer der Webseite Gesch\u00e4fts- und Marketing-Informationen zukommen zu lassen.<\/p>\n<h2>3. Einwilligung zur Verwendung von Cookies auf meiner Webseite<\/h2>\n<p>In \u00dcbereinstimmung mit dem Cookie-Hinweis, der auf der Homepage der Webseite eingeblendet wird, sowie gem\u00e4\u00df der vorliegenden Cookie-Bestimmungen erkl\u00e4ren Sie sich beim Besuch der Webseite mit der Nutzung von Cookies entsprechend den vorliegenden Ausf\u00fchrungen einverstanden, es sei denn, Sie haben in Ihrem Browser Einstellungs\u00e4nderungen vorgenommen, um die Verwendung derselben abzulehnen. Dies umfasst &#8211; ist aber nicht beschr\u00e4nkt auf &#8211; den Besuch meiner Webseite, um eine der folgenden Aktionen auszuf\u00fchren: Den Cookie-Hinweis auf der Homepage schlie\u00dfen, auf der Webseite browsen und auf irgendein Element in der Webseite klicken, usw.<\/p>\n<h2>4. Auflistung der Cookies, die auf meiner Webseite verwendet werden<\/h2>\n<p>Die in dieser Cookie-Liste zur Verf\u00fcgung gestellten Informationen wurden von den Drittanbietern bereitgestellt, die diese Cookies hinterlegen. Diese Unternehmen besitzen ihre eigenen Datenschutzbestimmungen, in denen sie ihre Aussagen und g\u00fcltigen Deaktivierungssysteme festlegen.<\/p>\n<p>Ich bin weder f\u00fcr den Inhalt noch f\u00fcr die Exaktheit der Datenschutzbestimmungen von Drittanbietern, die in dieser Cookie-Bestimmungen enthalten sind, haftbar.<\/p>\n<ul>\n<li><a class=\"link\" href=\"https:\/\/www.google.com\/intl\/de-DE\/policies\/privacy\/\" title=\"Google AdWords \/ Analytics\" target=\"_blank\">Google AdWords \/ Analytics<\/a><\/li>\n<\/ul>\n<h2>5. Verwaltung von Cookies<\/h2>\n<p>Bitte beachten Sie, dass sowohl Ihre Nutzungsm\u00f6glichkeiten auf der Webseite eingeschr\u00e4nkt sein k\u00f6nnen, als auch die Navigation und die Verwendung unserer Dienstleistungen verhindert sein kann, wenn die Cookies auf Ihrem Computer, Smartphone oder Tablet-PC nicht aktiviert sind.<br \/>\nEs gibt verschiedene M\u00f6glichkeiten, um Cookies zu verwalten. Sie k\u00f6nnen Cookies deaktivieren oder einen Hinweis erhalten, bevor sie einem Cookie zustimmen, indem Sie die Einstellung des Browsers \u00e4ndern. Dar\u00fcber hinaus k\u00f6nnen Sie alle Cookies l\u00f6schen, die im Ordner des Browsers f\u00fcr Cookies abgelegt wurden. Bitte ber\u00fccksichtigen Sie, dass jeder Browser \u00fcber verschiedene Vorgehensweisen zur Verwaltung von Einstellungen verf\u00fcgt. Nachstehend erkl\u00e4ren wir Ihnen, wie Sie die Cookies mithilfe der folgenden Browser verwalten k\u00f6nnen:<\/p>\n<ul>\n<li><a class=\"link\" href=\"https:\/\/support.microsoft.com\/en-us\/kb\/278835\" title=\"Microsoft Windows Explorer\" target=\"_blank\">Microsoft Windows Explorer<\/a><\/li>\n<li><a class=\"link\" href=\"https:\/\/support.google.com\/chrome\/answer\/95647?hl=en-GB\" title=\"Google Chrome\" target=\"_blank\">Google Chrome<\/a><\/li>\n<li><a class=\"link\" href=\"https:\/\/support.mozilla.org\/en-US\/kb\/enable-and-disable-cookies-website-preferences?redirectlocale=en-US&#038;redirectslug=Enabling+and+disabling+cookies\" title=\"Mozilla Firefox\" target=\"_blank\">Mozilla Firefox<\/a><\/li>\n<li><a class=\"link\" href=\"http:\/\/www.apple.com\/support\/?path=Safari\/5.0\/en\/9277.html\" title=\"Apple Safari\" target=\"_blank\">Apple Safari<\/a><\/li>\n<\/ul>\n<p>Sollten Sie einen anderen Browser nutzen, informieren Sie sich bitte im Hilfsmen\u00fc des Browsers.<br \/>\nSollten Sie an der Verwaltung von Cookies auf ihrem Tablet-PC oder Smartphone interessiert sein, sehen Sie bitte die entsprechenden Unterlagen oder Online-Hilfestellungen ein.<\/p>\n<p>Wir selbst installieren keine Cookies Dritter. Sie werden von unseren Gesch\u00e4ftspartnern oder anderen Drittanbietern installiert, wenn Sie diese Webseite besuchen. Aus diesem Grund empfehlen wir Ihnen, die Webseiten dieser Drittanbieter zu besuchen, um sich \u00fcber die Cookies, die sie hinterlegen, zu informieren sowie dar\u00fcber, wie Sie diese verwalten k\u00f6nnen. Dar\u00fcber hinaus bitten wir Sie, die folgende Webseite <a href=\"http:\/\/www.youronlinechoices.com\/\" title=\"http:\/\/www.youronlinechoices.com\/\" target=\"_blank\">http:\/\/www.youronlinechoices.com\/<\/a> zu besuchen, auf der Sie n\u00fctzliche Informationen \u00fcber die Verwendung von Cookies und \u00fcber die Ma\u00dfnahmen nachlesen k\u00f6nnen, die Sie ergreifen k\u00f6nnen, um Ihre Identit\u00e4t im Internet zu sch\u00fctzen.<br \/>\n<\/section>\n","protected":false},"excerpt":{"rendered":"<p>Information \u00fcber Cookies 1. Einf\u00fchrung Ich m\u00f6chte Sie hiermit \u00fcber die Cookie-Bestimmungen in Kenntnis setzen, die f\u00fcr die Webseite, die Sie vor sich haben, und f\u00fcr alle Webseiten, die von meinem Unternehmen betrieben werden, gelten, damit Sie \u00fcber die Verwendung von Cookies beim Navigieren durchs Internet informiert sind und der Nutzung dieser Cookies zustimmen k\u00f6nnen.&hellip;<\/p>\n","protected":false},"author":1,"featured_media":0,"parent":0,"menu_order":10,"comment_status":"closed","ping_status":"closed","template":"","meta":{"footnotes":""},"_links":{"self":[{"href":"https:\/\/www.sabinekoitzsch.de\/index.php?rest_route=\/wp\/v2\/pages\/395"}],"collection":[{"href":"https:\/\/www.sabinekoitzsch.de\/index.php?rest_route=\/wp\/v2\/pages"}],"about":[{"href":"https:\/\/www.sabinekoitzsch.de\/index.php?rest_route=\/wp\/v2\/types\/page"}],"author":[{"embeddable":true,"href":"https:\/\/www.sabinekoitzsch.de\/index.php?rest_route=\/wp\/v2\/users\/1"}],"replies":[{"embeddable":true,"href":"https:\/\/www.sabinekoitzsch.de\/index.php?rest_route=%2Fwp%2Fv2%2Fcomments&post=395"}],"version-history":[{"count":4,"href":"https:\/\/www.sabinekoitzsch.de\/index.php?rest_route=\/wp\/v2\/pages\/395\/revisions"}],"predecessor-version":[{"id":399,"href":"https:\/\/www.sabinekoitzsch.de\/index.php?rest_route=\/wp\/v2\/pages\/395\/revisions\/399"}],"wp:attachment":[{"href":"https:\/\/www.sabinekoitzsch.de\/index.php?rest_route=%2Fwp%2Fv2%2Fmedia&parent=395"}],"curies":[{"name":"wp","href":"https:\/\/api.w.org\/{rel}","templated":true}]}}