{"id":39,"date":"2013-09-03T18:23:22","date_gmt":"2013-09-03T16:23:22","guid":{"rendered":"http:\/\/www.sabinekoitzsch.de\/?page_id=39"},"modified":"2023-03-28T11:47:54","modified_gmt":"2023-03-28T09:47:54","slug":"links","status":"publish","type":"page","link":"https:\/\/www.sabinekoitzsch.de\/?page_id=39","title":{"rendered":"Partner"},"content":{"rendered":"<header><\/header>\n<section>\n<h2>Netzwerk<\/h2>\n<\/section>\n<ul id=\"sublevel_enum\">\n<li>Die letzte Ruhe \/ Schweiz (<a class=\"link\" href=\"http:\/\/www.die-letzte-ruhe.ch\/\">www.die-letzte-ruhe.ch<\/a>)<\/li>\n<li>FriedWald (<a class=\"link\" href=\"http:\/\/www.friedwald.de\/\">www.friedwald.de<\/a>)<\/li>\n<li>Sonnenbichlwiese \/ M\u00f6glichkeit zur &#8222;anonymen&#8220; Bestattung,<br \/>\nmit Urne, am Fu\u00dfe der Alpen<br \/>\n(Gemeinde Bad Feilnbach, Tel. 08066 88737)<\/li>\n<li>Kr\u00e4nze und Gestecke \/ Olching (<a class=\"link\" href=\"http:\/\/www.blumenundteegalerie.de\/\">www.blumenundteegalerie.de<\/a>), Tel. 0157 34409533<\/li>\n<li>Kr\u00e4nze und Gestecke \/ Olching Petra Kraus, Tel. 08142 41400<\/li>\n<li>Trauerreden (auch in bayrisch) &#8211; Informationen \u00fcber uns erh\u00e4ltlich<\/li>\n<li>Agentur f\u00fcr Erben \/ Nachlassabwicklung (<a class=\"link\" href=\"http:\/\/www.erbagentur.de\/\">www.erbagentur.de<\/a>)<\/li>\n<li>Kreuze und mehr \/ Sinnobjekte (<a class=\"link\" href=\"http:\/\/www.sinnobjekte.de\/\">www.sinnobjekte.de<\/a>)<\/li>\n<li>Steinmetz Stribny, Tel. 08142 12802<\/li>\n<li>Steinmetz Moritz, Tel. 08142 40304<\/li>\n<\/ul>\n","protected":false},"excerpt":{"rendered":"<p>Netzwerk Die letzte Ruhe \/ Schweiz (www.die-letzte-ruhe.ch) FriedWald (www.friedwald.de) Sonnenbichlwiese \/ M\u00f6glichkeit zur &#8222;anonymen&#8220; Bestattung, mit Urne, am Fu\u00dfe der Alpen (Gemeinde Bad Feilnbach, Tel. 08066 88737) Kr\u00e4nze und Gestecke \/ Olching (www.blumenundteegalerie.de), Tel. 0157 34409533 Kr\u00e4nze und Gestecke \/ Olching Petra Kraus, Tel. 08142 41400 Trauerreden (auch in bayrisch) &#8211; Informationen \u00fcber uns erh\u00e4ltlich&hellip;<\/p>\n","protected":false},"author":1,"featured_media":0,"parent":0,"menu_order":6,"comment_status":"closed","ping_status":"open","template":"","meta":{"footnotes":""},"_links":{"self":[{"href":"https:\/\/www.sabinekoitzsch.de\/index.php?rest_route=\/wp\/v2\/pages\/39"}],"collection":[{"href":"https:\/\/www.sabinekoitzsch.de\/index.php?rest_route=\/wp\/v2\/pages"}],"about":[{"href":"https:\/\/www.sabinekoitzsch.de\/index.php?rest_route=\/wp\/v2\/types\/page"}],"author":[{"embeddable":true,"href":"https:\/\/www.sabinekoitzsch.de\/index.php?rest_route=\/wp\/v2\/users\/1"}],"replies":[{"embeddable":true,"href":"https:\/\/www.sabinekoitzsch.de\/index.php?rest_route=%2Fwp%2Fv2%2Fcomments&post=39"}],"version-history":[{"count":34,"href":"https:\/\/www.sabinekoitzsch.de\/index.php?rest_route=\/wp\/v2\/pages\/39\/revisions"}],"predecessor-version":[{"id":539,"href":"https:\/\/www.sabinekoitzsch.de\/index.php?rest_route=\/wp\/v2\/pages\/39\/revisions\/539"}],"wp:attachment":[{"href":"https:\/\/www.sabinekoitzsch.de\/index.php?rest_route=%2Fwp%2Fv2%2Fmedia&parent=39"}],"curies":[{"name":"wp","href":"https:\/\/api.w.org\/{rel}","templated":true}]}}