{"id":175,"date":"2014-02-20T16:51:53","date_gmt":"2014-02-20T14:51:53","guid":{"rendered":"http:\/\/www.sabinekoitzsch.de\/?page_id=175"},"modified":"2019-01-05T18:03:59","modified_gmt":"2019-01-05T16:03:59","slug":"sterbegeldversicherung","status":"publish","type":"page","link":"https:\/\/www.sabinekoitzsch.de\/?page_id=175","title":{"rendered":"Sterbegeld"},"content":{"rendered":"<h2>Sterbegeldversicherung<\/h2>\n<ul id=\"toplevel_enum\">\n<li><strong>\u00dcber diese Seite k\u00f6nnen Sie Ihre Anfrage direkt und unverbindlich an die Versicherung schicken.<\/strong><br \/>\nDie Sterbegeldversicherung ist eine gute M\u00f6glichkeit sich vorsorgend f\u00fcr anfallende Bestattungskosten abzusichern und die Angeh\u00f6rigen vor unn\u00f6tiger finanzieller Belastung zu sch\u00fctzen.<br \/>\nBevorzugen Sie eine pers\u00f6nliche Beratung, so stehe ich Ihnen gerne zur Verf\u00fcgung.<\/li>\n<\/ul>\n<ul id=\"toplevel_enum\">\n<li><strong>Kleine Information zur Versicherung<\/strong><br \/>\nF\u00fcr jedes Mitglied k\u00f6nnen bis zu einer Versicherungssumme von 8.000 EUR Sterbegeldversicherungen mit laufender Beitragszahlung oder Sterbegeldversicherungen gegen Einmalbeitrag abgeschlossen werden. Die Kinderzusatzversicherung, bis zum 18.Lebensjahr des Kindes, kann im Rahmen der Versicherung eines Elternteiles abgeschlossen werden. Sie ist auf 5.000,00 EUR begrenzt und darf die Versicherungssumme eines Elternteils nicht \u00fcberschreiten. Der Versicherungsschutz besteht ab Vertragsbeginn, es gibt keine Wartezeit. Ausgenommen Selbstt\u00f6tung und Verst\u00f6\u00dfe zur Wahrheit des Gesundheitszustandes. Hier betr\u00e4gt die Wartezeit 3 Jahre ab Vertragsbeginn.<\/li>\n<\/ul>\n<p><iframe loading=\"lazy\" src=\"https:\/\/ge-be-in.server-daten.de\/versicherung\/Sabine-Koitzsch-Bestattungen.15\" height=\"500\" width=\"500\"><\/iframe><\/p>\n","protected":false},"excerpt":{"rendered":"<p>Sterbegeldversicherung \u00dcber diese Seite k\u00f6nnen Sie Ihre Anfrage direkt und unverbindlich an die Versicherung schicken. Die Sterbegeldversicherung ist eine gute M\u00f6glichkeit sich vorsorgend f\u00fcr anfallende Bestattungskosten abzusichern und die Angeh\u00f6rigen vor unn\u00f6tiger finanzieller Belastung zu sch\u00fctzen. Bevorzugen Sie eine pers\u00f6nliche Beratung, so stehe ich Ihnen gerne zur Verf\u00fcgung. Kleine Information zur Versicherung F\u00fcr jedes Mitglied&hellip;<\/p>\n","protected":false},"author":2,"featured_media":0,"parent":26,"menu_order":4,"comment_status":"closed","ping_status":"closed","template":"","meta":{"footnotes":""},"_links":{"self":[{"href":"https:\/\/www.sabinekoitzsch.de\/index.php?rest_route=\/wp\/v2\/pages\/175"}],"collection":[{"href":"https:\/\/www.sabinekoitzsch.de\/index.php?rest_route=\/wp\/v2\/pages"}],"about":[{"href":"https:\/\/www.sabinekoitzsch.de\/index.php?rest_route=\/wp\/v2\/types\/page"}],"author":[{"embeddable":true,"href":"https:\/\/www.sabinekoitzsch.de\/index.php?rest_route=\/wp\/v2\/users\/2"}],"replies":[{"embeddable":true,"href":"https:\/\/www.sabinekoitzsch.de\/index.php?rest_route=%2Fwp%2Fv2%2Fcomments&post=175"}],"version-history":[{"count":13,"href":"https:\/\/www.sabinekoitzsch.de\/index.php?rest_route=\/wp\/v2\/pages\/175\/revisions"}],"predecessor-version":[{"id":224,"href":"https:\/\/www.sabinekoitzsch.de\/index.php?rest_route=\/wp\/v2\/pages\/175\/revisions\/224"}],"up":[{"embeddable":true,"href":"https:\/\/www.sabinekoitzsch.de\/index.php?rest_route=\/wp\/v2\/pages\/26"}],"wp:attachment":[{"href":"https:\/\/www.sabinekoitzsch.de\/index.php?rest_route=%2Fwp%2Fv2%2Fmedia&parent=175"}],"curies":[{"name":"wp","href":"https:\/\/api.w.org\/{rel}","templated":true}]}}