{"id":102,"date":"2013-09-24T15:38:05","date_gmt":"2013-09-24T13:38:05","guid":{"rendered":"http:\/\/www.sabinekoitzsch.de\/?page_id=102"},"modified":"2024-07-14T16:25:25","modified_gmt":"2024-07-14T14:25:25","slug":"kontakt","status":"publish","type":"page","link":"https:\/\/www.sabinekoitzsch.de\/?page_id=102","title":{"rendered":"Kontakt"},"content":{"rendered":"<h2>Sabine Koitzsch &#8211; Bestattungen<\/h2>\n<section>Jeisstr. 3<br \/>\n82140 Olching<\/section>\n<p>&nbsp;<\/p>\n<section>Tel.: 08142 6515590<\/section>\n<section>Fax: 08142 6515591<\/section>\n<section>Mobil: 0173 9989874<\/section>\n<p>&nbsp;<\/p>\n<section>E-Mail:\u00a0<a class=\"link\" href=\"mailto:info@sabinekoitzsch.de\">info@sabinekoitzsch.de<\/a><\/section>\n<h3>Ansprechpartnerinnen<\/h3>\n<ul>\n<li>Sabine Koitzsch<\/li>\n<li>Ingeborg Pielmeier<\/li>\n<li>Katrin Koitzsch<\/li>\n<\/ul>\n<p>&nbsp;<\/p>\n<section>Unser Unternehmen ist Mitglied im &#8222;Verband Unabh\u00e4ngiger Bestatter&#8220; (<a class=\"link\" href=\"http:\/\/www.bestatterverband.de\/\">www.bestatterverband.de)<\/a><\/section>\n<p>&nbsp;<\/p>\n<section>Sollten Sie etwas vermissen oder konkrete Anregungen haben, teilen Sie uns diese gerne per\u00a0<a class=\"link\" href=\"mailto:info@sabinekoitzsch.de\">Email<\/a>\u00a0mit.<\/section>\n<p>&nbsp;<\/p>\n<section>Nur in der guten Zusammenarbeit wird eine Arbeit vollst\u00e4ndig und kann somit den Anspr\u00fcchen des Einzelnen gerecht werden, um ein Leitfaden f\u00fcr den Trauerfall zu sein und in allen Bereichen Orientierung zu geben.<\/section>\n<p>&nbsp;<\/p>\n<blockquote>\n<section>Je lebendiger und voller die Erinnerung<br \/>\ndesto schwerer ist die Trennung.<br \/>\nAber die Dankbarkeit<br \/>\nverwandelt die Erinnerung<br \/>\nin eine stille Freude.<br \/>\nMan tr\u00e4gt das Vergangene Sch\u00f6ne<br \/>\nwie ein kostbares Geschenk in sich.<br \/>\n<em>(Dietrich Bonhoeffer)<\/em><\/section>\n<\/blockquote>\n","protected":false},"excerpt":{"rendered":"<p>Sabine Koitzsch &#8211; Bestattungen Jeisstr. 3 82140 Olching &nbsp; Tel.: 08142 6515590 Fax: 08142 6515591 Mobil: 0173 9989874 &nbsp; E-Mail:\u00a0info@sabinekoitzsch.de Ansprechpartnerinnen Sabine Koitzsch Ingeborg Pielmeier Katrin Koitzsch &nbsp; Unser Unternehmen ist Mitglied im &#8222;Verband Unabh\u00e4ngiger Bestatter&#8220; (www.bestatterverband.de) &nbsp; Sollten Sie etwas vermissen oder konkrete Anregungen haben, teilen Sie uns diese gerne per\u00a0Email\u00a0mit. &nbsp; Nur in&hellip;<\/p>\n","protected":false},"author":2,"featured_media":0,"parent":0,"menu_order":2,"comment_status":"closed","ping_status":"closed","template":"","meta":{"footnotes":""},"_links":{"self":[{"href":"https:\/\/www.sabinekoitzsch.de\/index.php?rest_route=\/wp\/v2\/pages\/102"}],"collection":[{"href":"https:\/\/www.sabinekoitzsch.de\/index.php?rest_route=\/wp\/v2\/pages"}],"about":[{"href":"https:\/\/www.sabinekoitzsch.de\/index.php?rest_route=\/wp\/v2\/types\/page"}],"author":[{"embeddable":true,"href":"https:\/\/www.sabinekoitzsch.de\/index.php?rest_route=\/wp\/v2\/users\/2"}],"replies":[{"embeddable":true,"href":"https:\/\/www.sabinekoitzsch.de\/index.php?rest_route=%2Fwp%2Fv2%2Fcomments&post=102"}],"version-history":[{"count":34,"href":"https:\/\/www.sabinekoitzsch.de\/index.php?rest_route=\/wp\/v2\/pages\/102\/revisions"}],"predecessor-version":[{"id":553,"href":"https:\/\/www.sabinekoitzsch.de\/index.php?rest_route=\/wp\/v2\/pages\/102\/revisions\/553"}],"wp:attachment":[{"href":"https:\/\/www.sabinekoitzsch.de\/index.php?rest_route=%2Fwp%2Fv2%2Fmedia&parent=102"}],"curies":[{"name":"wp","href":"https:\/\/api.w.org\/{rel}","templated":true}]}}